{"id":623,"date":"2018-10-09T09:17:03","date_gmt":"2018-10-09T09:17:03","guid":{"rendered":"http:\/\/www.taimiemo.fi\/blogi\/services\/"},"modified":"2021-07-06T10:54:56","modified_gmt":"2021-07-06T10:54:56","slug":"tuotteetpalvelut","status":"publish","type":"page","link":"https:\/\/www.taimiemo.fi\/blogi\/tuotteetpalvelut\/","title":{"rendered":"Services"},"content":{"rendered":"\t\t<div data-elementor-type=\"wp-post\" data-elementor-id=\"623\" class=\"elementor elementor-623\" data-elementor-settings=\"[]\">\n\t\t\t\t\t\t\t<div class=\"elementor-section-wrap\">\n\t\t\t\t\t\t\t<section class=\"elementor-section elementor-top-section elementor-element elementor-element-5d3f2d0d elementor-section-boxed elementor-section-height-default elementor-section-height-default\" data-id=\"5d3f2d0d\" data-element_type=\"section\" data-settings=\"{&quot;background_background&quot;:&quot;gradient&quot;}\">\n\t\t\t\t\t\t<div class=\"elementor-container elementor-column-gap-no\">\n\t\t\t\t\t<div class=\"elementor-column elementor-col-100 elementor-top-column elementor-element elementor-element-192a857d\" data-id=\"192a857d\" data-element_type=\"column\">\n\t\t\t<div class=\"elementor-widget-wrap elementor-element-populated\">\n\t\t\t\t\t\t\t\t<div class=\"elementor-element elementor-element-ddaea19 elementor-widget elementor-widget-heading\" data-id=\"ddaea19\" data-element_type=\"widget\" data-widget_type=\"heading.default\">\n\t\t\t\t<div class=\"elementor-widget-container\">\n\t\t\t<h1 class=\"elementor-heading-title elementor-size-default\">Tuotteet &amp; Palvelut<\/h1>\t\t<\/div>\n\t\t\t\t<\/div>\n\t\t\t\t\t<\/div>\n\t\t<\/div>\n\t\t\t\t\t\t\t<\/div>\n\t\t<\/section>\n\t\t\t\t<section class=\"elementor-section elementor-top-section elementor-element elementor-element-6a3305e elementor-section-boxed elementor-section-height-default elementor-section-height-default\" data-id=\"6a3305e\" data-element_type=\"section\">\n\t\t\t\t\t\t<div class=\"elementor-container elementor-column-gap-no\">\n\t\t\t\t\t<div class=\"elementor-column elementor-col-100 elementor-top-column elementor-element elementor-element-331a1d25\" data-id=\"331a1d25\" data-element_type=\"column\">\n\t\t\t<div class=\"elementor-widget-wrap elementor-element-populated\">\n\t\t\t\t\t\t\t\t<section class=\"elementor-section elementor-inner-section elementor-element elementor-element-1dc9cca3 elementor-section-boxed elementor-section-height-default elementor-section-height-default\" data-id=\"1dc9cca3\" data-element_type=\"section\">\n\t\t\t\t\t\t<div class=\"elementor-container elementor-column-gap-no\">\n\t\t\t\t\t<div class=\"elementor-column elementor-col-33 elementor-inner-column elementor-element elementor-element-428832ae\" data-id=\"428832ae\" data-element_type=\"column\">\n\t\t\t<div class=\"elementor-widget-wrap\">\n\t\t\t\t\t\t\t\t\t<\/div>\n\t\t<\/div>\n\t\t\t\t<div class=\"elementor-column elementor-col-33 elementor-inner-column elementor-element elementor-element-3bc5af65\" data-id=\"3bc5af65\" data-element_type=\"column\">\n\t\t\t<div class=\"elementor-widget-wrap elementor-element-populated\">\n\t\t\t\t\t\t\t\t<div class=\"elementor-element elementor-element-50b771c0 elementor-widget elementor-widget-heading\" data-id=\"50b771c0\" data-element_type=\"widget\" data-widget_type=\"heading.default\">\n\t\t\t\t<div class=\"elementor-widget-container\">\n\t\t\t<h2 class=\"elementor-heading-title elementor-size-default\">Varmennettu taimituotanto<\/h2>\t\t<\/div>\n\t\t\t\t<\/div>\n\t\t\t\t<div class=\"elementor-element elementor-element-6e18de53 elementor-widget-divider--view-line elementor-widget elementor-widget-divider\" data-id=\"6e18de53\" data-element_type=\"widget\" data-widget_type=\"divider.default\">\n\t\t\t\t<div class=\"elementor-widget-container\">\n\t\t\t\t\t<div class=\"elementor-divider\">\n\t\t\t<span class=\"elementor-divider-separator\">\n\t\t\t\t\t\t<\/span>\n\t\t<\/div>\n\t\t\t\t<\/div>\n\t\t\t\t<\/div>\n\t\t\t\t<div class=\"elementor-element elementor-element-1f809c5c elementor-widget elementor-widget-text-editor\" data-id=\"1f809c5c\" data-element_type=\"widget\" data-widget_type=\"text-editor.default\">\n\t\t\t\t<div class=\"elementor-widget-container\">\n\t\t\t\t\t\t\t\t<p>Taimiemo hankkii Luonnonvarakeskukselta varmennettua taimiaineistoa mm. puutarhamansikan, pensasmustikan ja marjatuomipihlajan lis\u00e4\u00e4miseen. Teemme my\u00f6s yhteisty\u00f6t\u00e4 varmennettua materiaalia tuottavan, norjalaisen Sagaplant AS:n kanssa. L\u00f6yd\u00e4t kaikki varmennetun taimituotannon kasvit valikoimasta.<\/p>\t\t\t\t\t\t<\/div>\n\t\t\t\t<\/div>\n\t\t\t\t\t<\/div>\n\t\t<\/div>\n\t\t\t\t<div class=\"elementor-column elementor-col-33 elementor-inner-column elementor-element elementor-element-593a51b9\" data-id=\"593a51b9\" data-element_type=\"column\">\n\t\t\t<div class=\"elementor-widget-wrap elementor-element-populated\">\n\t\t\t\t\t\t\t\t<div class=\"elementor-element elementor-element-316503e7 elementor-widget elementor-widget-image\" data-id=\"316503e7\" data-element_type=\"widget\" data-widget_type=\"image.default\">\n\t\t\t\t<div class=\"elementor-widget-container\">\n\t\t\t\t\t\t\t\t\t\t\t\t\t\t\t<img src=\"https:\/\/www.taimiemo.fi\/blogi\/wp-content\/uploads\/2021\/02\/Taimiemo11.jpeg\" title=\"Taimiemo11\" alt=\"Taimiemo11\" \/>\t\t\t\t\t\t\t\t\t\t\t\t\t\t\t<\/div>\n\t\t\t\t<\/div>\n\t\t\t\t\t<\/div>\n\t\t<\/div>\n\t\t\t\t\t\t\t<\/div>\n\t\t<\/section>\n\t\t\t\t<section class=\"elementor-section elementor-inner-section elementor-element elementor-element-27e41b8 elementor-section-boxed elementor-section-height-default elementor-section-height-default\" data-id=\"27e41b8\" data-element_type=\"section\">\n\t\t\t\t\t\t<div class=\"elementor-container elementor-column-gap-no\">\n\t\t\t\t\t<div class=\"elementor-column elementor-col-33 elementor-inner-column elementor-element elementor-element-451c06b1\" data-id=\"451c06b1\" data-element_type=\"column\">\n\t\t\t<div class=\"elementor-widget-wrap\">\n\t\t\t\t\t\t\t\t\t<\/div>\n\t\t<\/div>\n\t\t\t\t<div class=\"elementor-column elementor-col-33 elementor-inner-column elementor-element elementor-element-69cae8b1\" data-id=\"69cae8b1\" data-element_type=\"column\">\n\t\t\t<div class=\"elementor-widget-wrap elementor-element-populated\">\n\t\t\t\t\t\t\t\t<div class=\"elementor-element elementor-element-4999e574 elementor-widget elementor-widget-heading\" data-id=\"4999e574\" data-element_type=\"widget\" data-widget_type=\"heading.default\">\n\t\t\t\t<div class=\"elementor-widget-container\">\n\t\t\t<h2 class=\"elementor-heading-title elementor-size-default\">FinE-kasvit<\/h2>\t\t<\/div>\n\t\t\t\t<\/div>\n\t\t\t\t<div class=\"elementor-element elementor-element-47d6c784 elementor-widget-divider--view-line elementor-widget elementor-widget-divider\" data-id=\"47d6c784\" data-element_type=\"widget\" data-widget_type=\"divider.default\">\n\t\t\t\t<div class=\"elementor-widget-container\">\n\t\t\t\t\t<div class=\"elementor-divider\">\n\t\t\t<span class=\"elementor-divider-separator\">\n\t\t\t\t\t\t<\/span>\n\t\t<\/div>\n\t\t\t\t<\/div>\n\t\t\t\t<\/div>\n\t\t\t\t<div class=\"elementor-element elementor-element-5fd2e7fc elementor-widget elementor-widget-text-editor\" data-id=\"5fd2e7fc\" data-element_type=\"widget\" data-widget_type=\"text-editor.default\">\n\t\t\t\t<div class=\"elementor-widget-container\">\n\t\t\t\t\t\t\t\t<p>Varmennetun taimituotannon lis\u00e4ksi Taimiemo lis\u00e4\u00e4 my\u00f6s FinE-kasveja. L\u00f6yd\u00e4t tuotannossa olevat FinE-kasvit valikoimasta.<\/p>\t\t\t\t\t\t<\/div>\n\t\t\t\t<\/div>\n\t\t\t\t\t<\/div>\n\t\t<\/div>\n\t\t\t\t<div class=\"elementor-column elementor-col-33 elementor-inner-column elementor-element elementor-element-7ed8352\" data-id=\"7ed8352\" data-element_type=\"column\">\n\t\t\t<div class=\"elementor-widget-wrap elementor-element-populated\">\n\t\t\t\t\t\t\t\t<div class=\"elementor-element elementor-element-eb719f3 elementor-widget elementor-widget-image\" data-id=\"eb719f3\" data-element_type=\"widget\" data-widget_type=\"image.default\">\n\t\t\t\t<div class=\"elementor-widget-container\">\n\t\t\t\t\t\t\t\t\t\t\t\t\t\t\t<img src=\"https:\/\/www.taimiemo.fi\/blogi\/wp-content\/uploads\/2021\/02\/Taimiemo12-scaled.jpeg\" title=\"Taimiemo12\" alt=\"Taimiemo12\" \/>\t\t\t\t\t\t\t\t\t\t\t\t\t\t\t<\/div>\n\t\t\t\t<\/div>\n\t\t\t\t\t<\/div>\n\t\t<\/div>\n\t\t\t\t\t\t\t<\/div>\n\t\t<\/section>\n\t\t\t\t<section class=\"elementor-section elementor-inner-section elementor-element elementor-element-3a3387fb elementor-section-boxed elementor-section-height-default elementor-section-height-default\" data-id=\"3a3387fb\" data-element_type=\"section\">\n\t\t\t\t\t\t<div class=\"elementor-container elementor-column-gap-no\">\n\t\t\t\t\t<div class=\"elementor-column elementor-col-33 elementor-inner-column elementor-element elementor-element-cfacd3\" data-id=\"cfacd3\" data-element_type=\"column\">\n\t\t\t<div class=\"elementor-widget-wrap\">\n\t\t\t\t\t\t\t\t\t<\/div>\n\t\t<\/div>\n\t\t\t\t<div class=\"elementor-column elementor-col-33 elementor-inner-column elementor-element elementor-element-a116553\" data-id=\"a116553\" data-element_type=\"column\">\n\t\t\t<div class=\"elementor-widget-wrap elementor-element-populated\">\n\t\t\t\t\t\t\t\t<div class=\"elementor-element elementor-element-4afc4d2c elementor-widget elementor-widget-heading\" data-id=\"4afc4d2c\" data-element_type=\"widget\" data-widget_type=\"heading.default\">\n\t\t\t\t<div class=\"elementor-widget-container\">\n\t\t\t<h2 class=\"elementor-heading-title elementor-size-default\">Tilauspalvelu<\/h2>\t\t<\/div>\n\t\t\t\t<\/div>\n\t\t\t\t<div class=\"elementor-element elementor-element-58b08067 elementor-widget-divider--view-line elementor-widget elementor-widget-divider\" data-id=\"58b08067\" data-element_type=\"widget\" data-widget_type=\"divider.default\">\n\t\t\t\t<div class=\"elementor-widget-container\">\n\t\t\t\t\t<div class=\"elementor-divider\">\n\t\t\t<span class=\"elementor-divider-separator\">\n\t\t\t\t\t\t<\/span>\n\t\t<\/div>\n\t\t\t\t<\/div>\n\t\t\t\t<\/div>\n\t\t\t\t<div class=\"elementor-element elementor-element-2ae568e5 elementor-widget elementor-widget-text-editor\" data-id=\"2ae568e5\" data-element_type=\"widget\" data-widget_type=\"text-editor.default\">\n\t\t\t\t<div class=\"elementor-widget-container\">\n\t\t\t\t\t\t\t\t<p>Teemme tilauksesta uusia mikroviljelmi\u00e4 asiakkaan toimittamasta materiaalista. Mikrolis\u00e4yst\u00e4 kannattaa hy\u00f6dynt\u00e4\u00e4 silloin kun kasvia ei \u00a0ole muuten mahdollista lis\u00e4t\u00e4 tehokkaasti tai kun taimimateriaalia tarvitaan nopeasti. Mikroviljelmien aloituksista sovitaan aina jokaisen asiakkaan kanssa erikseen.<\/p>\t\t\t\t\t\t<\/div>\n\t\t\t\t<\/div>\n\t\t\t\t\t<\/div>\n\t\t<\/div>\n\t\t\t\t<div class=\"elementor-column elementor-col-33 elementor-inner-column elementor-element elementor-element-97e17c4\" data-id=\"97e17c4\" data-element_type=\"column\">\n\t\t\t<div class=\"elementor-widget-wrap elementor-element-populated\">\n\t\t\t\t\t\t\t\t<div class=\"elementor-element elementor-element-17721fa elementor-widget elementor-widget-image\" data-id=\"17721fa\" data-element_type=\"widget\" data-widget_type=\"image.default\">\n\t\t\t\t<div class=\"elementor-widget-container\">\n\t\t\t\t\t\t\t\t\t\t\t\t\t\t\t<img src=\"https:\/\/www.taimiemo.fi\/blogi\/wp-content\/uploads\/2021\/02\/Taimiemo13-scaled.jpeg\" title=\"Taimiemo13\" alt=\"Taimiemo13\" \/>\t\t\t\t\t\t\t\t\t\t\t\t\t\t\t<\/div>\n\t\t\t\t<\/div>\n\t\t\t\t\t<\/div>\n\t\t<\/div>\n\t\t\t\t\t\t\t<\/div>\n\t\t<\/section>\n\t\t\t\t\t<\/div>\n\t\t<\/div>\n\t\t\t\t\t\t\t<\/div>\n\t\t<\/section>\n\t\t\t\t\t\t<\/div>\n\t\t\t\t\t<\/div>\n\t\t","protected":false},"excerpt":{"rendered":"<p>Tuotteet &amp; Palvelut Varmennettu taimituotanto Taimiemo hankkii Luonnonvarakeskukselta varmennettua taimiaineistoa mm. puutarhamansikan, pensasmustikan ja marjatuomipihlajan lis\u00e4\u00e4miseen. Teemme my\u00f6s yhteisty\u00f6t\u00e4 varmennettua materiaalia tuottavan, norjalaisen Sagaplant AS:n kanssa. L\u00f6yd\u00e4t kaikki varmennetun taimituotannon kasvit valikoimasta. FinE-kasvit Varmennetun taimituotannon lis\u00e4ksi Taimiemo lis\u00e4\u00e4 my\u00f6s FinE-kasveja. L\u00f6yd\u00e4t tuotannossa olevat FinE-kasvit valikoimasta. Tilauspalvelu Teemme tilauksesta uusia mikroviljelmi\u00e4 asiakkaan toimittamasta materiaalista. Mikrolis\u00e4yst\u00e4 kannattaa &hellip;<\/p>\n<p class=\"read-more\"> <a class=\"\" href=\"https:\/\/www.taimiemo.fi\/blogi\/tuotteetpalvelut\/\"> <span class=\"screen-reader-text\">Services<\/span> Lue lis\u00e4\u00e4 &raquo;<\/a><\/p>\n","protected":false},"author":1,"featured_media":0,"parent":0,"menu_order":0,"comment_status":"closed","ping_status":"closed","template":"","meta":[],"_links":{"self":[{"href":"https:\/\/www.taimiemo.fi\/blogi\/wp-json\/wp\/v2\/pages\/623"}],"collection":[{"href":"https:\/\/www.taimiemo.fi\/blogi\/wp-json\/wp\/v2\/pages"}],"about":[{"href":"https:\/\/www.taimiemo.fi\/blogi\/wp-json\/wp\/v2\/types\/page"}],"author":[{"embeddable":true,"href":"https:\/\/www.taimiemo.fi\/blogi\/wp-json\/wp\/v2\/users\/1"}],"replies":[{"embeddable":true,"href":"https:\/\/www.taimiemo.fi\/blogi\/wp-json\/wp\/v2\/comments?post=623"}],"version-history":[{"count":4,"href":"https:\/\/www.taimiemo.fi\/blogi\/wp-json\/wp\/v2\/pages\/623\/revisions"}],"predecessor-version":[{"id":745,"href":"https:\/\/www.taimiemo.fi\/blogi\/wp-json\/wp\/v2\/pages\/623\/revisions\/745"}],"wp:attachment":[{"href":"https:\/\/www.taimiemo.fi\/blogi\/wp-json\/wp\/v2\/media?parent=623"}],"curies":[{"name":"wp","href":"https:\/\/api.w.org\/{rel}","templated":true}]}}