{"id":621,"date":"2018-10-09T09:14:55","date_gmt":"2018-10-09T09:14:55","guid":{"rendered":"http:\/\/www.taimiemo.fi\/blogi\/home\/"},"modified":"2021-08-14T12:21:54","modified_gmt":"2021-08-14T12:21:54","slug":"home","status":"publish","type":"page","link":"https:\/\/www.taimiemo.fi\/blogi\/","title":{"rendered":"Home"},"content":{"rendered":"\t\t<div data-elementor-type=\"wp-page\" data-elementor-id=\"621\" class=\"elementor elementor-621\" data-elementor-settings=\"[]\">\n\t\t\t\t\t\t\t<div class=\"elementor-section-wrap\">\n\t\t\t\t\t\t\t<section class=\"elementor-section elementor-top-section elementor-element elementor-element-75204ea elementor-section-height-full elementor-section-boxed elementor-section-height-default elementor-section-items-middle\" data-id=\"75204ea\" data-element_type=\"section\" data-settings=\"{&quot;background_background&quot;:&quot;classic&quot;}\">\n\t\t\t\t\t\t\t<div class=\"elementor-background-overlay\"><\/div>\n\t\t\t\t\t\t\t<div class=\"elementor-container elementor-column-gap-no\">\n\t\t\t\t\t<div class=\"elementor-column elementor-col-100 elementor-top-column elementor-element elementor-element-370a195d\" data-id=\"370a195d\" data-element_type=\"column\">\n\t\t\t<div class=\"elementor-widget-wrap elementor-element-populated\">\n\t\t\t\t\t\t\t\t<div class=\"elementor-element elementor-element-2dd32108 elementor-widget elementor-widget-heading\" data-id=\"2dd32108\" data-element_type=\"widget\" data-widget_type=\"heading.default\">\n\t\t\t\t<div class=\"elementor-widget-container\">\n\t\t\t<h1 class=\"elementor-heading-title elementor-size-xxl\"><br>Uusia alkuja.<\/h1>\t\t<\/div>\n\t\t\t\t<\/div>\n\t\t\t\t<div class=\"elementor-element elementor-element-4b53d965 elementor-widget elementor-widget-text-editor\" data-id=\"4b53d965\" data-element_type=\"widget\" data-widget_type=\"text-editor.default\">\n\t\t\t\t<div class=\"elementor-widget-container\">\n\t\t\t\t\t\t\t\t\t\t\t\t\t\t<\/div>\n\t\t\t\t<\/div>\n\t\t\t\t\t<\/div>\n\t\t<\/div>\n\t\t\t\t\t\t\t<\/div>\n\t\t<\/section>\n\t\t\t\t<section class=\"elementor-section elementor-top-section elementor-element elementor-element-d615bbc elementor-section-boxed elementor-section-height-default elementor-section-height-default\" data-id=\"d615bbc\" data-element_type=\"section\">\n\t\t\t\t\t\t<div class=\"elementor-container elementor-column-gap-default\">\n\t\t\t\t\t<div class=\"elementor-column elementor-col-100 elementor-top-column elementor-element elementor-element-e3b70cf\" data-id=\"e3b70cf\" data-element_type=\"column\">\n\t\t\t<div class=\"elementor-widget-wrap elementor-element-populated\">\n\t\t\t\t\t\t\t\t<div class=\"elementor-element elementor-element-6a8ac0e elementor-widget-divider--view-line elementor-widget elementor-widget-divider\" data-id=\"6a8ac0e\" data-element_type=\"widget\" data-widget_type=\"divider.default\">\n\t\t\t\t<div class=\"elementor-widget-container\">\n\t\t\t\t\t<div class=\"elementor-divider\">\n\t\t\t<span class=\"elementor-divider-separator\">\n\t\t\t\t\t\t<\/span>\n\t\t<\/div>\n\t\t\t\t<\/div>\n\t\t\t\t<\/div>\n\t\t\t\t\t<\/div>\n\t\t<\/div>\n\t\t\t\t\t\t\t<\/div>\n\t\t<\/section>\n\t\t\t\t<section class=\"elementor-section elementor-top-section elementor-element elementor-element-6a42cbda elementor-section-content-middle elementor-reverse-mobile elementor-section-boxed elementor-section-height-default elementor-section-height-default\" data-id=\"6a42cbda\" data-element_type=\"section\">\n\t\t\t\t\t\t<div class=\"elementor-container elementor-column-gap-no\">\n\t\t\t\t\t<div class=\"elementor-column elementor-col-66 elementor-top-column elementor-element elementor-element-39a38ca6\" data-id=\"39a38ca6\" data-element_type=\"column\" data-settings=\"{&quot;background_background&quot;:&quot;classic&quot;}\">\n\t\t\t<div class=\"elementor-widget-wrap elementor-element-populated\">\n\t\t\t\t\t\t\t\t<div class=\"elementor-element elementor-element-36c20c32 elementor-widget elementor-widget-image\" data-id=\"36c20c32\" data-element_type=\"widget\" data-widget_type=\"image.default\">\n\t\t\t\t<div class=\"elementor-widget-container\">\n\t\t\t\t\t\t\t\t\t\t\t\t\t\t\t<img width=\"819\" height=\"1024\" src=\"https:\/\/www.taimiemo.fi\/blogi\/wp-content\/uploads\/2021\/02\/Taimiemo4-819x1024.jpeg\" class=\"attachment-large size-large\" alt=\"\" loading=\"lazy\" srcset=\"https:\/\/www.taimiemo.fi\/blogi\/wp-content\/uploads\/2021\/02\/Taimiemo4-819x1024.jpeg 819w, https:\/\/www.taimiemo.fi\/blogi\/wp-content\/uploads\/2021\/02\/Taimiemo4-240x300.jpeg 240w, https:\/\/www.taimiemo.fi\/blogi\/wp-content\/uploads\/2021\/02\/Taimiemo4-768x960.jpeg 768w, https:\/\/www.taimiemo.fi\/blogi\/wp-content\/uploads\/2021\/02\/Taimiemo4-1229x1536.jpeg 1229w, https:\/\/www.taimiemo.fi\/blogi\/wp-content\/uploads\/2021\/02\/Taimiemo4-1639x2048.jpeg 1639w, https:\/\/www.taimiemo.fi\/blogi\/wp-content\/uploads\/2021\/02\/Taimiemo4-scaled.jpeg 2048w\" sizes=\"(max-width: 819px) 100vw, 819px\" \/>\t\t\t\t\t\t\t\t\t\t\t\t\t\t\t<\/div>\n\t\t\t\t<\/div>\n\t\t\t\t\t<\/div>\n\t\t<\/div>\n\t\t\t\t<div class=\"elementor-column elementor-col-33 elementor-top-column elementor-element elementor-element-46d3c89b\" data-id=\"46d3c89b\" data-element_type=\"column\" data-settings=\"{&quot;background_background&quot;:&quot;classic&quot;}\">\n\t\t\t<div class=\"elementor-widget-wrap elementor-element-populated\">\n\t\t\t\t\t\t\t\t<div class=\"elementor-element elementor-element-30192960 elementor-widget elementor-widget-heading\" data-id=\"30192960\" data-element_type=\"widget\" data-widget_type=\"heading.default\">\n\t\t\t\t<div class=\"elementor-widget-container\">\n\t\t\t<h2 class=\"elementor-heading-title elementor-size-large\">Rakkaudesta kasveihin - ja uusiin alkuihin.<\/h2>\t\t<\/div>\n\t\t\t\t<\/div>\n\t\t\t\t<div class=\"elementor-element elementor-element-41727ad elementor-widget elementor-widget-text-editor\" data-id=\"41727ad\" data-element_type=\"widget\" data-widget_type=\"text-editor.default\">\n\t\t\t\t<div class=\"elementor-widget-container\">\n\t\t\t\t\t\t\t\t<p>Taimiemon mikrolis\u00e4yslaboratoriossa jokainen p\u00e4iv\u00e4 on mahdollisuus luoda jotain uutta.<\/p>\t\t\t\t\t\t<\/div>\n\t\t\t\t<\/div>\n\t\t\t\t<div class=\"elementor-element elementor-element-c2b9273 elementor-widget elementor-widget-text-editor\" data-id=\"c2b9273\" data-element_type=\"widget\" data-widget_type=\"text-editor.default\">\n\t\t\t\t<div class=\"elementor-widget-container\">\n\t\t\t\t\t\t\t\t<p>Taimiemo Oy on kasvien mikrolis\u00e4ykseen keskittyv\u00e4 taimitarha. Laboratoriossa tuotetaan sek\u00e4 varmennettuja taimia ett\u00e4 FinE-kasveja asiakkaan tilauksesta.\u00a0Kotimainen taimituotanto mahdollisimman ekologisesti ja kest\u00e4v\u00e4sti on yritykselle syd\u00e4men asia.<\/p>\t\t\t\t\t\t<\/div>\n\t\t\t\t<\/div>\n\t\t\t\t\t<\/div>\n\t\t<\/div>\n\t\t\t\t\t\t\t<\/div>\n\t\t<\/section>\n\t\t\t\t<section class=\"elementor-section elementor-top-section elementor-element elementor-element-48dbb09a elementor-section-boxed elementor-section-height-default elementor-section-height-default\" data-id=\"48dbb09a\" data-element_type=\"section\" data-settings=\"{&quot;background_background&quot;:&quot;classic&quot;}\">\n\t\t\t\t\t\t<div class=\"elementor-container elementor-column-gap-no\">\n\t\t\t\t\t<div class=\"elementor-column elementor-col-100 elementor-top-column elementor-element elementor-element-6606a8c1\" data-id=\"6606a8c1\" data-element_type=\"column\">\n\t\t\t<div class=\"elementor-widget-wrap elementor-element-populated\">\n\t\t\t\t\t\t\t\t<section class=\"elementor-section elementor-inner-section elementor-element elementor-element-144a2c29 elementor-section-content-top elementor-section-boxed elementor-section-height-default elementor-section-height-default\" data-id=\"144a2c29\" data-element_type=\"section\">\n\t\t\t\t\t\t<div class=\"elementor-container elementor-column-gap-no\">\n\t\t\t\t\t<div class=\"elementor-column elementor-col-50 elementor-inner-column elementor-element elementor-element-7a89ac3b\" data-id=\"7a89ac3b\" data-element_type=\"column\">\n\t\t\t<div class=\"elementor-widget-wrap elementor-element-populated\">\n\t\t\t\t\t\t\t\t<div class=\"elementor-element elementor-element-edf7410 elementor-widget elementor-widget-heading\" data-id=\"edf7410\" data-element_type=\"widget\" data-widget_type=\"heading.default\">\n\t\t\t\t<div class=\"elementor-widget-container\">\n\t\t\t<h2 class=\"elementor-heading-title elementor-size-large\">Tuotteet &amp; Palvelut<\/h2>\t\t<\/div>\n\t\t\t\t<\/div>\n\t\t\t\t<div class=\"elementor-element elementor-element-9f4155a elementor-widget-divider--view-line elementor-widget elementor-widget-divider\" data-id=\"9f4155a\" data-element_type=\"widget\" data-widget_type=\"divider.default\">\n\t\t\t\t<div class=\"elementor-widget-container\">\n\t\t\t\t\t<div class=\"elementor-divider\">\n\t\t\t<span class=\"elementor-divider-separator\">\n\t\t\t\t\t\t<\/span>\n\t\t<\/div>\n\t\t\t\t<\/div>\n\t\t\t\t<\/div>\n\t\t\t\t<div class=\"elementor-element elementor-element-354065d1 elementor-widget elementor-widget-text-editor\" data-id=\"354065d1\" data-element_type=\"widget\" data-widget_type=\"text-editor.default\">\n\t\t\t\t<div class=\"elementor-widget-container\">\n\t\t\t\t\t\t\t\t<p>Taimiemon tuotteisiin kuuluvat varmennetut taimet ja FinE-kasvit. Valikoimasta l\u00f6ytyy hedelm\u00e4- ja marjakasveja sek\u00e4 koristekasveja.\u00a0Tilauspalvelumme kautta on my\u00f6s mahdollista aloittaa uusi viljelm\u00e4 asiakkaan omasta emokasvimateriaalista.<\/p>\t\t\t\t\t\t<\/div>\n\t\t\t\t<\/div>\n\t\t\t\t\t<\/div>\n\t\t<\/div>\n\t\t\t\t<div class=\"elementor-column elementor-col-50 elementor-inner-column elementor-element elementor-element-e84448c\" data-id=\"e84448c\" data-element_type=\"column\">\n\t\t\t<div class=\"elementor-widget-wrap elementor-element-populated\">\n\t\t\t\t\t\t\t\t<div class=\"elementor-element elementor-element-af7d060 elementor-widget elementor-widget-image\" data-id=\"af7d060\" data-element_type=\"widget\" data-widget_type=\"image.default\">\n\t\t\t\t<div class=\"elementor-widget-container\">\n\t\t\t\t\t\t\t\t\t\t\t\t\t\t\t<img width=\"1024\" height=\"1024\" src=\"https:\/\/www.taimiemo.fi\/blogi\/wp-content\/uploads\/2021\/02\/Taimiemo11-1024x1024.jpeg\" class=\"attachment-large size-large\" alt=\"\" loading=\"lazy\" srcset=\"https:\/\/www.taimiemo.fi\/blogi\/wp-content\/uploads\/2021\/02\/Taimiemo11-1024x1024.jpeg 1024w, https:\/\/www.taimiemo.fi\/blogi\/wp-content\/uploads\/2021\/02\/Taimiemo11-300x300.jpeg 300w, https:\/\/www.taimiemo.fi\/blogi\/wp-content\/uploads\/2021\/02\/Taimiemo11-150x150.jpeg 150w, https:\/\/www.taimiemo.fi\/blogi\/wp-content\/uploads\/2021\/02\/Taimiemo11-768x768.jpeg 768w, https:\/\/www.taimiemo.fi\/blogi\/wp-content\/uploads\/2021\/02\/Taimiemo11.jpeg 1080w\" sizes=\"(max-width: 1024px) 100vw, 1024px\" \/>\t\t\t\t\t\t\t\t\t\t\t\t\t\t\t<\/div>\n\t\t\t\t<\/div>\n\t\t\t\t\t<\/div>\n\t\t<\/div>\n\t\t\t\t\t\t\t<\/div>\n\t\t<\/section>\n\t\t\t\t\t<\/div>\n\t\t<\/div>\n\t\t\t\t\t\t\t<\/div>\n\t\t<\/section>\n\t\t\t\t\t\t<\/div>\n\t\t\t\t\t<\/div>\n\t\t","protected":false},"excerpt":{"rendered":"<p>Uusia alkuja. Rakkaudesta kasveihin &#8211; ja uusiin alkuihin. Taimiemon mikrolis\u00e4yslaboratoriossa jokainen p\u00e4iv\u00e4 on mahdollisuus luoda jotain uutta. Taimiemo Oy on kasvien mikrolis\u00e4ykseen keskittyv\u00e4 taimitarha. Laboratoriossa tuotetaan sek\u00e4 varmennettuja taimia ett\u00e4 FinE-kasveja asiakkaan tilauksesta.\u00a0Kotimainen taimituotanto mahdollisimman ekologisesti ja kest\u00e4v\u00e4sti on yritykselle syd\u00e4men asia. Tuotteet &amp; Palvelut Taimiemon tuotteisiin kuuluvat varmennetut taimet ja FinE-kasvit. Valikoimasta l\u00f6ytyy hedelm\u00e4- &hellip;<\/p>\n<p class=\"read-more\"> <a class=\"\" href=\"https:\/\/www.taimiemo.fi\/blogi\/\"> <span class=\"screen-reader-text\">Home<\/span> Lue lis\u00e4\u00e4 &raquo;<\/a><\/p>\n","protected":false},"author":1,"featured_media":0,"parent":0,"menu_order":0,"comment_status":"closed","ping_status":"closed","template":"","meta":[],"_links":{"self":[{"href":"https:\/\/www.taimiemo.fi\/blogi\/wp-json\/wp\/v2\/pages\/621"}],"collection":[{"href":"https:\/\/www.taimiemo.fi\/blogi\/wp-json\/wp\/v2\/pages"}],"about":[{"href":"https:\/\/www.taimiemo.fi\/blogi\/wp-json\/wp\/v2\/types\/page"}],"author":[{"embeddable":true,"href":"https:\/\/www.taimiemo.fi\/blogi\/wp-json\/wp\/v2\/users\/1"}],"replies":[{"embeddable":true,"href":"https:\/\/www.taimiemo.fi\/blogi\/wp-json\/wp\/v2\/comments?post=621"}],"version-history":[{"count":12,"href":"https:\/\/www.taimiemo.fi\/blogi\/wp-json\/wp\/v2\/pages\/621\/revisions"}],"predecessor-version":[{"id":752,"href":"https:\/\/www.taimiemo.fi\/blogi\/wp-json\/wp\/v2\/pages\/621\/revisions\/752"}],"wp:attachment":[{"href":"https:\/\/www.taimiemo.fi\/blogi\/wp-json\/wp\/v2\/media?parent=621"}],"curies":[{"name":"wp","href":"https:\/\/api.w.org\/{rel}","templated":true}]}}